{"id":270,"date":"2019-12-10T17:05:42","date_gmt":"2019-12-10T16:05:42","guid":{"rendered":"http:\/\/xxx.incograin.com\/?page_id=270"},"modified":"2021-08-16T18:53:55","modified_gmt":"2021-08-16T16:53:55","slug":"contact","status":"publish","type":"page","link":"https:\/\/www.incograin.com\/index.php\/contact\/","title":{"rendered":"CONTACT Syndicat"},"content":{"rendered":"<p>[et_pb_section fb_built=&#8221;1&#8243; fullwidth=&#8221;on&#8221; _builder_version=&#8221;4.9.10&#8243; _module_preset=&#8221;default&#8221;][et_pb_fullwidth_header title=&#8221;CONTACT&#8221; text_orientation=&#8221;center&#8221; _builder_version=&#8221;4.9.10&#8243; _module_preset=&#8221;default&#8221; title_font_size=&#8221;56px&#8221; background_image=&#8221;https:\/\/www.incograin.com\/wp-content\/uploads\/2021\/04\/Accueil-2-scaled.jpg&#8221; background_position=&#8221;bottom_center&#8221; custom_padding=&#8221;31px||61px|||&#8221; title_text_shadow_style=&#8221;preset1&#8243;][\/et_pb_fullwidth_header][\/et_pb_section][et_pb_section fb_built=&#8221;1&#8243; _builder_version=&#8221;4.9.4&#8243; _module_preset=&#8221;default&#8221; background_color=&#8221;#175c7f&#8221; min_height=&#8221;262px&#8221; custom_padding=&#8221;||0px|||&#8221;][et_pb_row _builder_version=&#8221;4.9.4&#8243; _module_preset=&#8221;default&#8221; custom_margin=&#8221;-54px|auto|-29px|auto||&#8221; custom_padding=&#8221;15px|||||&#8221;][et_pb_column type=&#8221;4_4&#8243; _builder_version=&#8221;4.9.4&#8243; _module_preset=&#8221;default&#8221;][et_pb_text _builder_version=&#8221;4.9.10&#8243; _module_preset=&#8221;default&#8221; text_text_color=&#8221;#FFFFFF&#8221; text_font_size=&#8221;17px&#8221; text_line_height=&#8221;1em&#8221; header_4_text_color=&#8221;#FFFFFF&#8221; header_4_font_size=&#8221;23px&#8221; custom_margin_tablet=&#8221;&#8221; custom_margin_phone=&#8221;||25px||false|false&#8221; custom_margin_last_edited=&#8221;on|phone&#8221; header_4_font_size_tablet=&#8221;&#8221; header_4_font_size_phone=&#8221;27px&#8221; header_4_font_size_last_edited=&#8221;on|phone&#8221; custom_margin__hover_enabled=&#8221;on|desktop&#8221; header_4_font_size__hover_enabled=&#8221;on|desktop&#8221; min_height=&#8221;255px&#8221;]<\/p>\n<h4 style=\"text-align: center;\">Syndicat de Paris du Commerce et des Industries des Grains<\/h4>\n<p>&nbsp;<\/p>\n<p>&nbsp;<\/p>\n<p style=\"text-align: center;\">Adresse : 5 rue du Louvre 75001 PARIS<\/p>\n<p style=\"text-align: center;\">T\u00e9l : + 33 (0)1 42 36 98 98<\/p>\n<p style=\"text-align: center;\"><a href=\"mailto:syndicat-de-paris@incograin.com\" title=\"mailto:syndicat-de-paris@incograin.com\">syndicat-de-paris@incograin.com<\/a><\/p>\n<p style=\"text-align: center;\"><strong>Pour tout renseignement ou demande d&#8217;adh\u00e9sion, merci de remplir le formulaire ci-dessous.<\/strong><span><strong><\/strong><\/span><\/p>\n<p>[\/et_pb_text][\/et_pb_column][\/et_pb_row][\/et_pb_section][et_pb_section fb_built=&#8221;1&#8243; custom_padding_last_edited=&#8221;on|phone&#8221; _builder_version=&#8221;4.9.10&#8243; background_color=&#8221;#175c7f&#8221; custom_margin=&#8221;-16px||0px||false|false&#8221; custom_margin_tablet=&#8221;&#8221; custom_margin_phone=&#8221;-16px||||false|false&#8221; custom_margin_last_edited=&#8221;on|phone&#8221; custom_padding=&#8221;0px||0px||false|false&#8221; custom_padding_tablet=&#8221;&#8221; custom_padding_phone=&#8221;||||false|false&#8221; custom_margin__hover_enabled=&#8221;on|desktop&#8221; custom_padding__hover_enabled=&#8221;on|desktop&#8221;][et_pb_row column_structure=&#8221;1_2,1_2&#8243; use_custom_gutter=&#8221;on&#8221; gutter_width=&#8221;1&#8243; make_equal=&#8221;on&#8221; _builder_version=&#8221;4.9.4&#8243; width=&#8221;100%&#8221; custom_margin=&#8221;-4px|auto|-1px|auto|false|false&#8221; custom_padding=&#8221;0px||0px||false|false&#8221;][et_pb_column type=&#8221;1_2&#8243; _builder_version=&#8221;4.9.4&#8243;][et_pb_contact_form email=&#8221;syndicat-de-paris@incograin.com&#8221; title=&#8221;Syndicat de Paris :&#8221; custom_message=&#8221;||et_pb_line_break_holder||Formulaire Syndicat de Paris : ||et_pb_line_break_holder||||et_pb_line_break_holder||Ce message est envoy\u00e9 par :||et_pb_line_break_holder||||et_pb_line_break_holder||Nom : %%nom%%||et_pb_line_break_holder||Pr\u00e9nom : %%prenom%%||et_pb_line_break_holder||Email : %%email%%||et_pb_line_break_holder||T\u00e9l\u00e9phone : %%telephone%%||et_pb_line_break_holder||Votre message : %%message%%||et_pb_line_break_holder||&#8221; use_redirect=&#8221;on&#8221; redirect_url=&#8221;https:\/\/www.incograin.com\/index.php\/syndicat-incograin\/&#8221; success_message=&#8221;Merci! Votre message a \u00e9t\u00e9 envoy\u00e9 !&#8221; submit_button_text=&#8221;Envoyer&#8221; module_id=&#8221;et_pb_contact_form_0&#8243; _builder_version=&#8221;4.9.10&#8243; _module_preset=&#8221;default&#8221; form_field_background_color=&#8221;#ffffff&#8221; form_field_text_color=&#8221;#1e4060&#8243; form_field_custom_margin=&#8221;||||false|false&#8221; form_field_custom_padding=&#8221;||||false|false&#8221; title_font=&#8221;Roboto|900||on|||||&#8221; title_text_color=&#8221;#156697&#8243; title_font_size=&#8221;30px&#8221; title_line_height=&#8221;0.4em&#8221; form_field_font=&#8221;Lato||||||||&#8221; form_field_font_size=&#8221;14px&#8221; form_field_line_height=&#8221;1.2em&#8221; background_color=&#8221;#ffffff&#8221; custom_button=&#8221;on&#8221; button_text_size=&#8221;15px&#8221; button_text_color=&#8221;#ffffff&#8221; button_bg_color=&#8221;#F08012&#8243; button_border_width=&#8221;4px&#8221; button_border_color=&#8221;#F08012&#8243; button_border_radius=&#8221;0px&#8221; button_letter_spacing=&#8221;2px&#8221; button_font=&#8221;Lato|900||on|||||&#8221; height=&#8221;500px&#8221; height_tablet=&#8221;&#8221; height_phone=&#8221;&#8221; height_last_edited=&#8221;on|phone&#8221; custom_margin=&#8221;||||false|false&#8221; custom_margin_tablet=&#8221;&#8221; custom_margin_phone=&#8221;||||false|false&#8221; custom_margin_last_edited=&#8221;on|phone&#8221; custom_padding=&#8221;40px|50px||50px|false|false&#8221; custom_padding_tablet=&#8221;&#8221; custom_padding_phone=&#8221;||22px||false|false&#8221; custom_padding_last_edited=&#8221;on|phone&#8221; title_font_size_tablet=&#8221;&#8221; title_font_size_phone=&#8221;27px&#8221; title_font_size_last_edited=&#8221;on|phone&#8221; border_radii=&#8221;on|30px|30px|30px|30px&#8221; border_width_all=&#8221;2px&#8221; border_color_all=&#8221;#dce2ee&#8221; form_background_color=&#8221;#ffffff&#8221; title_font_size__hover_enabled=&#8221;on|desktop&#8221; custom_padding__hover_enabled=&#8221;on|desktop&#8221; custom_margin__hover_enabled=&#8221;on|desktop&#8221; height__hover_enabled=&#8221;on|desktop&#8221; button_letter_spacing_hover=&#8221;2px&#8221;][et_pb_contact_field field_id=&#8221;nom&#8221; field_title=&#8221;Nom :&#8221; _builder_version=&#8221;4.9.7&#8243; button_text_size__hover_enabled=&#8221;off&#8221; button_one_text_size__hover_enabled=&#8221;off&#8221; button_two_text_size__hover_enabled=&#8221;off&#8221; button_text_color__hover_enabled=&#8221;off&#8221; button_one_text_color__hover_enabled=&#8221;off&#8221; button_two_text_color__hover_enabled=&#8221;off&#8221; button_border_width__hover_enabled=&#8221;off&#8221; button_one_border_width__hover_enabled=&#8221;off&#8221; button_two_border_width__hover_enabled=&#8221;off&#8221; button_border_color__hover_enabled=&#8221;off&#8221; button_one_border_color__hover_enabled=&#8221;off&#8221; button_two_border_color__hover_enabled=&#8221;off&#8221; button_border_radius__hover_enabled=&#8221;off&#8221; button_one_border_radius__hover_enabled=&#8221;off&#8221; button_two_border_radius__hover_enabled=&#8221;off&#8221; button_letter_spacing__hover_enabled=&#8221;off&#8221; button_one_letter_spacing__hover_enabled=&#8221;off&#8221; button_two_letter_spacing__hover_enabled=&#8221;off&#8221; button_bg_color__hover_enabled=&#8221;off&#8221; button_one_bg_color__hover_enabled=&#8221;off&#8221; button_two_bg_color__hover_enabled=&#8221;off&#8221;][\/et_pb_contact_field][et_pb_contact_field field_id=&#8221;prenom&#8221; field_title=&#8221;Pr\u00e9nom :&#8221; _builder_version=&#8221;4.9.7&#8243; button_text_size__hover_enabled=&#8221;off&#8221; button_one_text_size__hover_enabled=&#8221;off&#8221; button_two_text_size__hover_enabled=&#8221;off&#8221; button_text_color__hover_enabled=&#8221;off&#8221; button_one_text_color__hover_enabled=&#8221;off&#8221; button_two_text_color__hover_enabled=&#8221;off&#8221; button_border_width__hover_enabled=&#8221;off&#8221; button_one_border_width__hover_enabled=&#8221;off&#8221; button_two_border_width__hover_enabled=&#8221;off&#8221; button_border_color__hover_enabled=&#8221;off&#8221; button_one_border_color__hover_enabled=&#8221;off&#8221; button_two_border_color__hover_enabled=&#8221;off&#8221; button_border_radius__hover_enabled=&#8221;off&#8221; button_one_border_radius__hover_enabled=&#8221;off&#8221; button_two_border_radius__hover_enabled=&#8221;off&#8221; button_letter_spacing__hover_enabled=&#8221;off&#8221; button_one_letter_spacing__hover_enabled=&#8221;off&#8221; button_two_letter_spacing__hover_enabled=&#8221;off&#8221; button_bg_color__hover_enabled=&#8221;off&#8221; button_one_bg_color__hover_enabled=&#8221;off&#8221; button_two_bg_color__hover_enabled=&#8221;off&#8221;][\/et_pb_contact_field][et_pb_contact_field field_id=&#8221;email&#8221; field_title=&#8221;Email :&#8221; field_type=&#8221;email&#8221; fullwidth_field=&#8221;on&#8221; _builder_version=&#8221;4.9.7&#8243; _module_preset=&#8221;default&#8221;][\/et_pb_contact_field][et_pb_contact_field field_id=&#8221;telephone&#8221; field_title=&#8221;T\u00e9l\u00e9phone :&#8221; fullwidth_field=&#8221;on&#8221; _builder_version=&#8221;4.9.7&#8243; _module_preset=&#8221;default&#8221;][\/et_pb_contact_field][et_pb_contact_field field_id=&#8221;message&#8221; field_title=&#8221;Votre message :&#8221; field_type=&#8221;text&#8221; fullwidth_field=&#8221;on&#8221; _builder_version=&#8221;4.9.7&#8243; button_text_size__hover_enabled=&#8221;off&#8221; button_one_text_size__hover_enabled=&#8221;off&#8221; button_two_text_size__hover_enabled=&#8221;off&#8221; button_text_color__hover_enabled=&#8221;off&#8221; button_one_text_color__hover_enabled=&#8221;off&#8221; button_two_text_color__hover_enabled=&#8221;off&#8221; button_border_width__hover_enabled=&#8221;off&#8221; button_one_border_width__hover_enabled=&#8221;off&#8221; button_two_border_width__hover_enabled=&#8221;off&#8221; button_border_color__hover_enabled=&#8221;off&#8221; button_one_border_color__hover_enabled=&#8221;off&#8221; button_two_border_color__hover_enabled=&#8221;off&#8221; button_border_radius__hover_enabled=&#8221;off&#8221; button_one_border_radius__hover_enabled=&#8221;off&#8221; button_two_border_radius__hover_enabled=&#8221;off&#8221; button_letter_spacing__hover_enabled=&#8221;off&#8221; button_one_letter_spacing__hover_enabled=&#8221;off&#8221; button_two_letter_spacing__hover_enabled=&#8221;off&#8221; button_bg_color__hover_enabled=&#8221;off&#8221; button_one_bg_color__hover_enabled=&#8221;off&#8221; button_two_bg_color__hover_enabled=&#8221;off&#8221;][\/et_pb_contact_field][\/et_pb_contact_form][\/et_pb_column][et_pb_column type=&#8221;1_2&#8243; _builder_version=&#8221;4.9.4&#8243;][et_pb_code _builder_version=&#8221;4.9.4&#8243; _module_preset=&#8221;default&#8221;]<iframe loading=\"lazy\" src=\"https:\/\/www.google.com\/maps\/embed?pb=!1m18!1m12!1m3!1d2624.7988072316575!2d2.3390069156360425!3d48.86204680840354!2m3!1f0!2f0!3f0!3m2!1i1024!2i768!4f13.1!3m3!1m2!1s0x47e66e23c564f02d%3A0xb2a293ed71c171a5!2s5%20Rue%20du%20Louvre%2C%2075001%20Paris!5e0!3m2!1sfr!2sfr!4v1575997458490!5m2!1sfr!2sfr\"\" width=\"2200\" height=\"500\" frameborder=\"0\" style=\"border:0\" allowfullscreen><\/iframe>[\/et_pb_code][\/et_pb_column][\/et_pb_row][\/et_pb_section]<\/p>\n","protected":false},"excerpt":{"rendered":"<p>Syndicat de Paris du Commerce et des Industries des Grains &nbsp; &nbsp; Adresse : 5 rue du Louvre 75001 PARIS T\u00e9l : + 33 (0)1 42 36 98 98 syndicat-de-paris@incograin.com Pour tout renseignement ou demande d&#8217;adh\u00e9sion, merci de remplir le formulaire ci-dessous.<\/p>\n","protected":false},"author":2,"featured_media":0,"parent":0,"menu_order":0,"comment_status":"closed","ping_status":"closed","template":"","meta":{"_et_pb_use_builder":"on","_et_pb_old_content":"<!-- wp:divi\/placeholder \/-->","_et_gb_content_width":"","footnotes":""},"class_list":["post-270","page","type-page","status-publish","hentry"],"yoast_head":"<!-- This site is optimized with the Yoast SEO plugin v26.9 - https:\/\/yoast.com\/product\/yoast-seo-wordpress\/ -->\n<title>CONTACT Syndicat - Incograin<\/title>\n<meta name=\"robots\" content=\"index, follow, max-snippet:-1, max-image-preview:large, max-video-preview:-1\" \/>\n<link rel=\"canonical\" href=\"https:\/\/www.incograin.com\/index.php\/contact\/\" \/>\n<meta property=\"og:locale\" content=\"fr_FR\" \/>\n<meta property=\"og:type\" content=\"article\" \/>\n<meta property=\"og:title\" content=\"CONTACT Syndicat - Incograin\" \/>\n<meta property=\"og:description\" content=\"Syndicat de Paris du Commerce et des Industries des Grains &nbsp; &nbsp; Adresse : 5 rue du Louvre 75001 PARIS T\u00e9l : + 33 (0)1 42 36 98 98 syndicat-de-paris@incograin.com Pour tout renseignement ou demande d&#039;adh\u00e9sion, merci de remplir le formulaire ci-dessous.\" \/>\n<meta property=\"og:url\" content=\"https:\/\/www.incograin.com\/index.php\/contact\/\" \/>\n<meta property=\"og:site_name\" content=\"Incograin\" \/>\n<meta property=\"article:modified_time\" content=\"2021-08-16T16:53:55+00:00\" \/>\n<meta name=\"twitter:card\" content=\"summary_large_image\" \/>\n<meta name=\"twitter:label1\" content=\"Dur\u00e9e de lecture estim\u00e9e\" \/>\n\t<meta name=\"twitter:data1\" content=\"6 minutes\" \/>\n<script type=\"application\/ld+json\" class=\"yoast-schema-graph\">{\"@context\":\"https:\/\/schema.org\",\"@graph\":[{\"@type\":\"WebPage\",\"@id\":\"https:\/\/www.incograin.com\/index.php\/contact\/\",\"url\":\"https:\/\/www.incograin.com\/index.php\/contact\/\",\"name\":\"CONTACT Syndicat - Incograin\",\"isPartOf\":{\"@id\":\"https:\/\/www.incograin.com\/#website\"},\"datePublished\":\"2019-12-10T16:05:42+00:00\",\"dateModified\":\"2021-08-16T16:53:55+00:00\",\"breadcrumb\":{\"@id\":\"https:\/\/www.incograin.com\/index.php\/contact\/#breadcrumb\"},\"inLanguage\":\"fr-FR\",\"potentialAction\":[{\"@type\":\"ReadAction\",\"target\":[\"https:\/\/www.incograin.com\/index.php\/contact\/\"]}]},{\"@type\":\"BreadcrumbList\",\"@id\":\"https:\/\/www.incograin.com\/index.php\/contact\/#breadcrumb\",\"itemListElement\":[{\"@type\":\"ListItem\",\"position\":1,\"name\":\"Accueil\",\"item\":\"https:\/\/www.incograin.com\/\"},{\"@type\":\"ListItem\",\"position\":2,\"name\":\"CONTACT Syndicat\"}]},{\"@type\":\"WebSite\",\"@id\":\"https:\/\/www.incograin.com\/#website\",\"url\":\"https:\/\/www.incograin.com\/\",\"name\":\"Incograin\",\"description\":\"Syndicat de Paris du commerce et des industries des grains\",\"publisher\":{\"@id\":\"https:\/\/www.incograin.com\/#organization\"},\"potentialAction\":[{\"@type\":\"SearchAction\",\"target\":{\"@type\":\"EntryPoint\",\"urlTemplate\":\"https:\/\/www.incograin.com\/?s={search_term_string}\"},\"query-input\":{\"@type\":\"PropertyValueSpecification\",\"valueRequired\":true,\"valueName\":\"search_term_string\"}}],\"inLanguage\":\"fr-FR\"},{\"@type\":\"Organization\",\"@id\":\"https:\/\/www.incograin.com\/#organization\",\"name\":\"INCOGRAIN\",\"url\":\"https:\/\/www.incograin.com\/\",\"logo\":{\"@type\":\"ImageObject\",\"inLanguage\":\"fr-FR\",\"@id\":\"https:\/\/www.incograin.com\/#\/schema\/logo\/image\/\",\"url\":\"https:\/\/www.incograin.com\/wp-content\/uploads\/2021\/06\/01_Logo_Incograin_Plan-de-travail-1.png\",\"contentUrl\":\"https:\/\/www.incograin.com\/wp-content\/uploads\/2021\/06\/01_Logo_Incograin_Plan-de-travail-1.png\",\"width\":3000,\"height\":3520,\"caption\":\"INCOGRAIN\"},\"image\":{\"@id\":\"https:\/\/www.incograin.com\/#\/schema\/logo\/image\/\"}}]}<\/script>\n<!-- \/ Yoast SEO plugin. -->","yoast_head_json":{"title":"CONTACT Syndicat - Incograin","robots":{"index":"index","follow":"follow","max-snippet":"max-snippet:-1","max-image-preview":"max-image-preview:large","max-video-preview":"max-video-preview:-1"},"canonical":"https:\/\/www.incograin.com\/index.php\/contact\/","og_locale":"fr_FR","og_type":"article","og_title":"CONTACT Syndicat - Incograin","og_description":"Syndicat de Paris du Commerce et des Industries des Grains &nbsp; &nbsp; Adresse : 5 rue du Louvre 75001 PARIS T\u00e9l : + 33 (0)1 42 36 98 98 syndicat-de-paris@incograin.com Pour tout renseignement ou demande d'adh\u00e9sion, merci de remplir le formulaire ci-dessous.","og_url":"https:\/\/www.incograin.com\/index.php\/contact\/","og_site_name":"Incograin","article_modified_time":"2021-08-16T16:53:55+00:00","twitter_card":"summary_large_image","twitter_misc":{"Dur\u00e9e de lecture estim\u00e9e":"6 minutes"},"schema":{"@context":"https:\/\/schema.org","@graph":[{"@type":"WebPage","@id":"https:\/\/www.incograin.com\/index.php\/contact\/","url":"https:\/\/www.incograin.com\/index.php\/contact\/","name":"CONTACT Syndicat - Incograin","isPartOf":{"@id":"https:\/\/www.incograin.com\/#website"},"datePublished":"2019-12-10T16:05:42+00:00","dateModified":"2021-08-16T16:53:55+00:00","breadcrumb":{"@id":"https:\/\/www.incograin.com\/index.php\/contact\/#breadcrumb"},"inLanguage":"fr-FR","potentialAction":[{"@type":"ReadAction","target":["https:\/\/www.incograin.com\/index.php\/contact\/"]}]},{"@type":"BreadcrumbList","@id":"https:\/\/www.incograin.com\/index.php\/contact\/#breadcrumb","itemListElement":[{"@type":"ListItem","position":1,"name":"Accueil","item":"https:\/\/www.incograin.com\/"},{"@type":"ListItem","position":2,"name":"CONTACT Syndicat"}]},{"@type":"WebSite","@id":"https:\/\/www.incograin.com\/#website","url":"https:\/\/www.incograin.com\/","name":"Incograin","description":"Syndicat de Paris du commerce et des industries des grains","publisher":{"@id":"https:\/\/www.incograin.com\/#organization"},"potentialAction":[{"@type":"SearchAction","target":{"@type":"EntryPoint","urlTemplate":"https:\/\/www.incograin.com\/?s={search_term_string}"},"query-input":{"@type":"PropertyValueSpecification","valueRequired":true,"valueName":"search_term_string"}}],"inLanguage":"fr-FR"},{"@type":"Organization","@id":"https:\/\/www.incograin.com\/#organization","name":"INCOGRAIN","url":"https:\/\/www.incograin.com\/","logo":{"@type":"ImageObject","inLanguage":"fr-FR","@id":"https:\/\/www.incograin.com\/#\/schema\/logo\/image\/","url":"https:\/\/www.incograin.com\/wp-content\/uploads\/2021\/06\/01_Logo_Incograin_Plan-de-travail-1.png","contentUrl":"https:\/\/www.incograin.com\/wp-content\/uploads\/2021\/06\/01_Logo_Incograin_Plan-de-travail-1.png","width":3000,"height":3520,"caption":"INCOGRAIN"},"image":{"@id":"https:\/\/www.incograin.com\/#\/schema\/logo\/image\/"}}]}},"_links":{"self":[{"href":"https:\/\/www.incograin.com\/index.php\/wp-json\/wp\/v2\/pages\/270","targetHints":{"allow":["GET"]}}],"collection":[{"href":"https:\/\/www.incograin.com\/index.php\/wp-json\/wp\/v2\/pages"}],"about":[{"href":"https:\/\/www.incograin.com\/index.php\/wp-json\/wp\/v2\/types\/page"}],"author":[{"embeddable":true,"href":"https:\/\/www.incograin.com\/index.php\/wp-json\/wp\/v2\/users\/2"}],"replies":[{"embeddable":true,"href":"https:\/\/www.incograin.com\/index.php\/wp-json\/wp\/v2\/comments?post=270"}],"version-history":[{"count":0,"href":"https:\/\/www.incograin.com\/index.php\/wp-json\/wp\/v2\/pages\/270\/revisions"}],"wp:attachment":[{"href":"https:\/\/www.incograin.com\/index.php\/wp-json\/wp\/v2\/media?parent=270"}],"curies":[{"name":"wp","href":"https:\/\/api.w.org\/{rel}","templated":true}]}}