{"id":4975,"date":"2021-05-05T17:36:31","date_gmt":"2021-05-05T15:36:31","guid":{"rendered":"https:\/\/xxx.incograin.com\/?page_id=4975"},"modified":"2021-08-11T09:00:56","modified_gmt":"2021-08-11T07:00:56","slug":"histoire","status":"publish","type":"page","link":"https:\/\/www.incograin.com\/index.php\/histoire\/","title":{"rendered":"Histoire"},"content":{"rendered":"<p>[et_pb_section fb_built=&#8221;1&#8243; _builder_version=&#8221;4.9.7&#8243; background_color=&#8221;#E06100&#8243; custom_padding=&#8221;0px||0px|||&#8221;][et_pb_row _builder_version=&#8221;4.9.4&#8243; module_alignment=&#8221;center&#8221; min_height=&#8221;91px&#8221; custom_margin=&#8221;0px|0px|-22px|0px|false|false&#8221; custom_padding=&#8221;25px|0px|0px|0px|false|false&#8221;][et_pb_column type=&#8221;4_4&#8243; _builder_version=&#8221;4.7.7&#8243;][et_pb_text _builder_version=&#8221;4.9.10&#8243; _module_preset=&#8221;default&#8221; header_4_font=&#8221;|||on|||||&#8221; header_4_text_color=&#8221;#ffffff&#8221; header_4_font_size=&#8221;40px&#8221; custom_margin=&#8221;||8px|||&#8221; custom_padding=&#8221;||0px|||&#8221; header_4_font_size_tablet=&#8221;&#8221; header_4_font_size_phone=&#8221;31px&#8221; header_4_font_size_last_edited=&#8221;on|phone&#8221; header_4_font_size__hover_enabled=&#8221;on|desktop&#8221;]<\/p>\n<h4 style=\"text-align: center;\"><span>L&#8217;HISTOIRE DU SYNDICAT<\/span><\/h4>\n<p>[\/et_pb_text][\/et_pb_column][\/et_pb_row][et_pb_row _builder_version=&#8221;4.9.10&#8243; width_tablet=&#8221;&#8221; width_phone=&#8221;100%&#8221; width_last_edited=&#8221;on|phone&#8221; max_width_tablet=&#8221;&#8221; max_width_phone=&#8221;100%&#8221; max_width_last_edited=&#8221;on|phone&#8221; custom_margin=&#8221;-9px|auto||auto||&#8221; custom_margin_tablet=&#8221;&#8221; custom_margin_phone=&#8221;-9px|0px||0px|false|false&#8221; custom_margin_last_edited=&#8221;on|phone&#8221; custom_padding=&#8221;0px||43px|||&#8221; width__hover_enabled=&#8221;on|desktop&#8221; max_width__hover_enabled=&#8221;on|desktop&#8221; custom_margin__hover_enabled=&#8221;on|desktop&#8221;][et_pb_column type=&#8221;4_4&#8243; _builder_version=&#8221;4.0.6&#8243;][et_pb_text _builder_version=&#8221;4.9.10&#8243; text_text_color=&#8221;#ffffff&#8221; text_font_size=&#8221;17px&#8221; link_text_color=&#8221;#ffffff&#8221; background_color=&#8221;rgba(0,0,0,0.02)&#8221; text_orientation=&#8221;justified&#8221; width=&#8221;76.4%&#8221; module_alignment=&#8221;center&#8221; custom_margin=&#8221;|188px||51px|false|false&#8221; custom_padding=&#8221;|||0px|false|false&#8221; text_font_size_tablet=&#8221;&#8221; text_font_size_phone=&#8221;14px&#8221; text_font_size_last_edited=&#8221;on|phone&#8221; text_font_size__hover_enabled=&#8221;on|desktop&#8221;]<\/p>\n<p>Le Syndicat de Paris compte parmi les plus anciens syndicats professionnels fran\u00e7ais toujours en activit\u00e9. Fond\u00e9 en 1869 <em>\u201cpour veiller aux int\u00e9r\u00eats g\u00e9n\u00e9raux du commerce des grains, issues et fourrages, et (\u2026) \u00eatre un Tribunal de famille\u201d<\/em>, il est \u00e0 l\u2019origine de nombreuses \u00e9volutions l\u00e9gislatives et de la cr\u00e9ation d\u2019institutions ou de syndicats qui font aujourd\u2019hui le commerce des mati\u00e8res premi\u00e8res agricoles. Dans le livret ci-dessous vous d\u00e9couvrirez un r\u00e9sum\u00e9 de ses actions et la place que le Syndicat de Paris tient actuellement dans le commerce europ\u00e9en, et au-del\u00e0, des produits agricoles.<\/p>\n<p>[\/et_pb_text][\/et_pb_column][\/et_pb_row][\/et_pb_section][et_pb_section fb_built=&#8221;1&#8243; admin_label=&#8221;Feature &#8211; Image Left&#8221; _builder_version=&#8221;4.9.10&#8243; custom_margin=&#8221;64px|||||&#8221; custom_margin_tablet=&#8221;&#8221; custom_margin_phone=&#8221;27px||||false|false&#8221; custom_margin_last_edited=&#8221;on|phone&#8221; custom_padding=&#8221;0px|0px|0px|0px||&#8221; hover_enabled=&#8221;0&#8243; custom_margin__hover_enabled=&#8221;on|desktop&#8221; sticky_enabled=&#8221;0&#8243;][et_pb_row use_custom_gutter=&#8221;on&#8221; gutter_width=&#8221;4&#8243; _builder_version=&#8221;4.9.10&#8243; width=&#8221;61%&#8221; width_tablet=&#8221;&#8221; width_phone=&#8221;100%&#8221; width_last_edited=&#8221;on|phone&#8221; max_width_tablet=&#8221;&#8221; max_width_phone=&#8221;100%&#8221; max_width_last_edited=&#8221;on|phone&#8221; custom_padding=&#8221;12px|||||&#8221; animation_style=&#8221;fade&#8221; hover_enabled=&#8221;0&#8243; width__hover_enabled=&#8221;on|desktop&#8221; max_width__hover_enabled=&#8221;on|desktop&#8221; sticky_enabled=&#8221;0&#8243;][et_pb_column type=&#8221;4_4&#8243; _builder_version=&#8221;4.9.10&#8243; custom_padding=&#8221;|||&#8221; hover_enabled=&#8221;0&#8243; custom_padding__hover=&#8221;|||&#8221; sticky_enabled=&#8221;0&#8243;][et_pb_text _builder_version=&#8221;4.9.4&#8243; _module_preset=&#8221;default&#8221; header_4_font=&#8221;|||on|||||&#8221; header_4_text_color=&#8221;#156697&#8243; header_4_font_size=&#8221;40px&#8221; custom_margin=&#8221;-37px||8px|||&#8221; custom_padding=&#8221;||0px|||&#8221;]<\/p>\n<h4 style=\"text-align: center;\"><\/h4>\n<p>[\/et_pb_text][et_pb_code _builder_version=&#8221;4.9.10&#8243; _module_preset=&#8221;default&#8221; custom_margin=&#8221;-20px|||||&#8221; hover_enabled=&#8221;0&#8243; sticky_enabled=&#8221;0&#8243;]<div class=\"_df_book df-lite\" id=\"df_5032\"  _slug=\"histoire-syndicat\" data-title=\"histoire-syndicat\" wpoptions=\"true\" thumbtype=\"\" ><\/div><script class=\"df-shortcode-script\" nowprocket type=\"application\/javascript\">window.option_df_5032 = {\"outline\":[{\"title\":\"\",\"dest\":\"\"}],\"autoEnableOutline\":\"false\",\"autoEnableThumbnail\":\"false\",\"overwritePDFOutline\":\"false\",\"backgroundImage\":\"https:\\\/\\\/www.incograin.com\\\/wp-content\\\/uploads\\\/2021\\\/03\\\/ble.png\",\"direction\":\"1\",\"pageSize\":\"0\",\"singlePageMode\":\"0\",\"maxTextureSize\":\"1400\",\"source\":\"https:\\\/\\\/www.incograin.com\\\/wp-content\\\/uploads\\\/2021\\\/04\\\/Livret-Syndicat-de-Paris-e\\u0301dition-de\\u0301cembre-2020.pdf\",\"wpOptions\":\"true\"}; if(window.DFLIP && window.DFLIP.parseBooks){window.DFLIP.parseBooks();}<\/script>[\/et_pb_code][\/et_pb_column][\/et_pb_row][\/et_pb_section][et_pb_section fb_built=&#8221;1&#8243; fullwidth=&#8221;on&#8221; _builder_version=&#8221;4.9.4&#8243; _module_preset=&#8221;default&#8221; custom_margin=&#8221;-49px|||||&#8221;][et_pb_fullwidth_image src=&#8221;https:\/\/www.incograin.com\/wp-content\/uploads\/2021\/05\/Sans-titre-4-01-1.png&#8221; title_text=&#8221;Infographie Histoire Syndicat de Paris Grains&#8221; url=&#8221;https:\/\/www.incograin.com\/wp-content\/uploads\/2021\/05\/Sans-titre-4-01-1.png&#8221; _builder_version=&#8221;4.9.10&#8243; _module_preset=&#8221;default&#8221; width=&#8221;82%&#8221; module_alignment=&#8221;center&#8221; custom_padding=&#8221;0px||0px|||&#8221;][\/et_pb_fullwidth_image][\/et_pb_section]<\/p>\n","protected":false},"excerpt":{"rendered":"<p>L&#8217;HISTOIRE DU SYNDICATLe Syndicat de Paris compte parmi les plus anciens syndicats professionnels fran\u00e7ais toujours en activit\u00e9. Fond\u00e9 en 1869 \u201cpour veiller aux int\u00e9r\u00eats g\u00e9n\u00e9raux du commerce des grains, issues et fourrages, et (\u2026) \u00eatre un Tribunal de famille\u201d, il est \u00e0 l\u2019origine de nombreuses \u00e9volutions l\u00e9gislatives et de la cr\u00e9ation d\u2019institutions ou de syndicats [&hellip;]<\/p>\n","protected":false},"author":2,"featured_media":0,"parent":0,"menu_order":0,"comment_status":"closed","ping_status":"closed","template":"","meta":{"_et_pb_use_builder":"on","_et_pb_old_content":"","_et_gb_content_width":"","footnotes":""},"class_list":["post-4975","page","type-page","status-publish","hentry"],"yoast_head":"<!-- This site is optimized with the Yoast SEO plugin v26.9 - https:\/\/yoast.com\/product\/yoast-seo-wordpress\/ -->\n<title>Histoire - Incograin<\/title>\n<meta name=\"robots\" content=\"index, follow, max-snippet:-1, max-image-preview:large, max-video-preview:-1\" \/>\n<link rel=\"canonical\" href=\"https:\/\/www.incograin.com\/index.php\/histoire\/\" \/>\n<meta property=\"og:locale\" content=\"fr_FR\" \/>\n<meta property=\"og:type\" content=\"article\" \/>\n<meta property=\"og:title\" content=\"Histoire - Incograin\" \/>\n<meta property=\"og:description\" content=\"L&#039;HISTOIRE DU SYNDICATLe Syndicat de Paris compte parmi les plus anciens syndicats professionnels fran\u00e7ais toujours en activit\u00e9. Fond\u00e9 en 1869 \u201cpour veiller aux int\u00e9r\u00eats g\u00e9n\u00e9raux du commerce des grains, issues et fourrages, et (\u2026) \u00eatre un Tribunal de famille\u201d, il est \u00e0 l\u2019origine de nombreuses \u00e9volutions l\u00e9gislatives et de la cr\u00e9ation d\u2019institutions ou de syndicats [&hellip;]\" \/>\n<meta property=\"og:url\" content=\"https:\/\/www.incograin.com\/index.php\/histoire\/\" \/>\n<meta property=\"og:site_name\" content=\"Incograin\" \/>\n<meta property=\"article:modified_time\" content=\"2021-08-11T07:00:56+00:00\" \/>\n<meta name=\"twitter:card\" content=\"summary_large_image\" \/>\n<meta name=\"twitter:label1\" content=\"Dur\u00e9e de lecture estim\u00e9e\" \/>\n\t<meta name=\"twitter:data1\" content=\"3 minutes\" \/>\n<script type=\"application\/ld+json\" class=\"yoast-schema-graph\">{\"@context\":\"https:\/\/schema.org\",\"@graph\":[{\"@type\":\"WebPage\",\"@id\":\"https:\/\/www.incograin.com\/index.php\/histoire\/\",\"url\":\"https:\/\/www.incograin.com\/index.php\/histoire\/\",\"name\":\"Histoire - Incograin\",\"isPartOf\":{\"@id\":\"https:\/\/www.incograin.com\/#website\"},\"datePublished\":\"2021-05-05T15:36:31+00:00\",\"dateModified\":\"2021-08-11T07:00:56+00:00\",\"breadcrumb\":{\"@id\":\"https:\/\/www.incograin.com\/index.php\/histoire\/#breadcrumb\"},\"inLanguage\":\"fr-FR\",\"potentialAction\":[{\"@type\":\"ReadAction\",\"target\":[\"https:\/\/www.incograin.com\/index.php\/histoire\/\"]}]},{\"@type\":\"BreadcrumbList\",\"@id\":\"https:\/\/www.incograin.com\/index.php\/histoire\/#breadcrumb\",\"itemListElement\":[{\"@type\":\"ListItem\",\"position\":1,\"name\":\"Accueil\",\"item\":\"https:\/\/www.incograin.com\/\"},{\"@type\":\"ListItem\",\"position\":2,\"name\":\"Histoire\"}]},{\"@type\":\"WebSite\",\"@id\":\"https:\/\/www.incograin.com\/#website\",\"url\":\"https:\/\/www.incograin.com\/\",\"name\":\"Incograin\",\"description\":\"Syndicat de Paris du commerce et des industries des grains\",\"publisher\":{\"@id\":\"https:\/\/www.incograin.com\/#organization\"},\"potentialAction\":[{\"@type\":\"SearchAction\",\"target\":{\"@type\":\"EntryPoint\",\"urlTemplate\":\"https:\/\/www.incograin.com\/?s={search_term_string}\"},\"query-input\":{\"@type\":\"PropertyValueSpecification\",\"valueRequired\":true,\"valueName\":\"search_term_string\"}}],\"inLanguage\":\"fr-FR\"},{\"@type\":\"Organization\",\"@id\":\"https:\/\/www.incograin.com\/#organization\",\"name\":\"INCOGRAIN\",\"url\":\"https:\/\/www.incograin.com\/\",\"logo\":{\"@type\":\"ImageObject\",\"inLanguage\":\"fr-FR\",\"@id\":\"https:\/\/www.incograin.com\/#\/schema\/logo\/image\/\",\"url\":\"https:\/\/www.incograin.com\/wp-content\/uploads\/2021\/06\/01_Logo_Incograin_Plan-de-travail-1.png\",\"contentUrl\":\"https:\/\/www.incograin.com\/wp-content\/uploads\/2021\/06\/01_Logo_Incograin_Plan-de-travail-1.png\",\"width\":3000,\"height\":3520,\"caption\":\"INCOGRAIN\"},\"image\":{\"@id\":\"https:\/\/www.incograin.com\/#\/schema\/logo\/image\/\"}}]}<\/script>\n<!-- \/ Yoast SEO plugin. -->","yoast_head_json":{"title":"Histoire - Incograin","robots":{"index":"index","follow":"follow","max-snippet":"max-snippet:-1","max-image-preview":"max-image-preview:large","max-video-preview":"max-video-preview:-1"},"canonical":"https:\/\/www.incograin.com\/index.php\/histoire\/","og_locale":"fr_FR","og_type":"article","og_title":"Histoire - Incograin","og_description":"L'HISTOIRE DU SYNDICATLe Syndicat de Paris compte parmi les plus anciens syndicats professionnels fran\u00e7ais toujours en activit\u00e9. Fond\u00e9 en 1869 \u201cpour veiller aux int\u00e9r\u00eats g\u00e9n\u00e9raux du commerce des grains, issues et fourrages, et (\u2026) \u00eatre un Tribunal de famille\u201d, il est \u00e0 l\u2019origine de nombreuses \u00e9volutions l\u00e9gislatives et de la cr\u00e9ation d\u2019institutions ou de syndicats [&hellip;]","og_url":"https:\/\/www.incograin.com\/index.php\/histoire\/","og_site_name":"Incograin","article_modified_time":"2021-08-11T07:00:56+00:00","twitter_card":"summary_large_image","twitter_misc":{"Dur\u00e9e de lecture estim\u00e9e":"3 minutes"},"schema":{"@context":"https:\/\/schema.org","@graph":[{"@type":"WebPage","@id":"https:\/\/www.incograin.com\/index.php\/histoire\/","url":"https:\/\/www.incograin.com\/index.php\/histoire\/","name":"Histoire - Incograin","isPartOf":{"@id":"https:\/\/www.incograin.com\/#website"},"datePublished":"2021-05-05T15:36:31+00:00","dateModified":"2021-08-11T07:00:56+00:00","breadcrumb":{"@id":"https:\/\/www.incograin.com\/index.php\/histoire\/#breadcrumb"},"inLanguage":"fr-FR","potentialAction":[{"@type":"ReadAction","target":["https:\/\/www.incograin.com\/index.php\/histoire\/"]}]},{"@type":"BreadcrumbList","@id":"https:\/\/www.incograin.com\/index.php\/histoire\/#breadcrumb","itemListElement":[{"@type":"ListItem","position":1,"name":"Accueil","item":"https:\/\/www.incograin.com\/"},{"@type":"ListItem","position":2,"name":"Histoire"}]},{"@type":"WebSite","@id":"https:\/\/www.incograin.com\/#website","url":"https:\/\/www.incograin.com\/","name":"Incograin","description":"Syndicat de Paris du commerce et des industries des grains","publisher":{"@id":"https:\/\/www.incograin.com\/#organization"},"potentialAction":[{"@type":"SearchAction","target":{"@type":"EntryPoint","urlTemplate":"https:\/\/www.incograin.com\/?s={search_term_string}"},"query-input":{"@type":"PropertyValueSpecification","valueRequired":true,"valueName":"search_term_string"}}],"inLanguage":"fr-FR"},{"@type":"Organization","@id":"https:\/\/www.incograin.com\/#organization","name":"INCOGRAIN","url":"https:\/\/www.incograin.com\/","logo":{"@type":"ImageObject","inLanguage":"fr-FR","@id":"https:\/\/www.incograin.com\/#\/schema\/logo\/image\/","url":"https:\/\/www.incograin.com\/wp-content\/uploads\/2021\/06\/01_Logo_Incograin_Plan-de-travail-1.png","contentUrl":"https:\/\/www.incograin.com\/wp-content\/uploads\/2021\/06\/01_Logo_Incograin_Plan-de-travail-1.png","width":3000,"height":3520,"caption":"INCOGRAIN"},"image":{"@id":"https:\/\/www.incograin.com\/#\/schema\/logo\/image\/"}}]}},"_links":{"self":[{"href":"https:\/\/www.incograin.com\/index.php\/wp-json\/wp\/v2\/pages\/4975","targetHints":{"allow":["GET"]}}],"collection":[{"href":"https:\/\/www.incograin.com\/index.php\/wp-json\/wp\/v2\/pages"}],"about":[{"href":"https:\/\/www.incograin.com\/index.php\/wp-json\/wp\/v2\/types\/page"}],"author":[{"embeddable":true,"href":"https:\/\/www.incograin.com\/index.php\/wp-json\/wp\/v2\/users\/2"}],"replies":[{"embeddable":true,"href":"https:\/\/www.incograin.com\/index.php\/wp-json\/wp\/v2\/comments?post=4975"}],"version-history":[{"count":0,"href":"https:\/\/www.incograin.com\/index.php\/wp-json\/wp\/v2\/pages\/4975\/revisions"}],"wp:attachment":[{"href":"https:\/\/www.incograin.com\/index.php\/wp-json\/wp\/v2\/media?parent=4975"}],"curies":[{"name":"wp","href":"https:\/\/api.w.org\/{rel}","templated":true}]}}